{"id":1108,"date":"2022-01-26T12:49:13","date_gmt":"2022-01-26T10:49:13","guid":{"rendered":"https:\/\/ratball.fi\/?page_id=1108"},"modified":"2022-01-28T09:40:08","modified_gmt":"2022-01-28T07:40:08","slug":"reissu-2022","status":"publish","type":"page","link":"https:\/\/ratball.fi\/en\/reissu-2022\/","title":{"rendered":"Reissu 2022"},"content":{"rendered":"<div data-elementor-type=\"wp-page\" data-elementor-id=\"1108\" class=\"elementor elementor-1108\">\n\t\t\t\t\t\t\t\t\t<section class=\"elementor-section elementor-top-section elementor-element elementor-element-08eec5e elementor-section-height-min-height elementor-section-items-top elementor-section-stretched elementor-section-boxed elementor-section-height-default\" data-id=\"08eec5e\" data-element_type=\"section\" data-settings=\"{&quot;background_background&quot;:&quot;classic&quot;,&quot;stretch_section&quot;:&quot;section-stretched&quot;}\">\n\t\t\t\t\t\t\t<div class=\"elementor-background-overlay\"><\/div>\n\t\t\t\t\t\t\t<div class=\"elementor-container elementor-column-gap-default\">\n\t\t\t\t\t<div class=\"elementor-column elementor-col-100 elementor-top-column elementor-element elementor-element-853c394\" data-id=\"853c394\" data-element_type=\"column\" data-settings=\"{&quot;background_background&quot;:&quot;classic&quot;}\">\n\t\t\t<div class=\"elementor-widget-wrap elementor-element-populated\">\n\t\t\t\t\t\t\t\t<section class=\"elementor-section elementor-inner-section elementor-element elementor-element-8daabac elementor-section-boxed elementor-section-height-default elementor-section-height-default\" data-id=\"8daabac\" data-element_type=\"section\">\n\t\t\t\t\t\t<div class=\"elementor-container elementor-column-gap-default\">\n\t\t\t\t\t<div class=\"elementor-column elementor-col-100 elementor-inner-column elementor-element elementor-element-408b669\" data-id=\"408b669\" data-element_type=\"column\">\n\t\t\t<div class=\"elementor-widget-wrap elementor-element-populated\">\n\t\t\t\t\t\t\t\t<div class=\"elementor-element elementor-element-4dc0e00 elementor-widget elementor-widget-heading\" data-id=\"4dc0e00\" data-element_type=\"widget\" data-widget_type=\"heading.default\">\n\t\t\t\t<div class=\"elementor-widget-container\">\n\t\t\t<h2 class=\"elementor-heading-title elementor-size-default\">Toinen RatBall Roadtrip 2022, \u00c5land<\/h2>\t\t<\/div>\n\t\t\t\t<\/div>\n\t\t\t\t<div class=\"elementor-element elementor-element-40f8582 elementor-widget elementor-widget-text-editor\" data-id=\"40f8582\" data-element_type=\"widget\" data-widget_type=\"text-editor.default\">\n\t\t\t\t<div class=\"elementor-widget-container\">\n\t\t\t\t\t\t\t<p><!-- wp:paragraph --><\/p>\n<p><!-- \/wp:paragraph --><!-- wp:paragraph --><\/p>\n<p>teksti\u00e4 ja kuvia reissusta t\u00e4h\u00e4n<\/p>\n<p>\u00a0<\/p>\n<p>\u00a0<\/p>\n<p>\u00a0<\/p>\n<p>\u00a0<\/p>\n<p>\u00a0<\/p>\n<p>\u00a0<\/p>\n<p>\u00a0<\/p>\n<p>\u00a0<\/p>\n<p>\u00a0<\/p>\n<p>\u00a0<\/p>\n<p>\u00a0<\/p>\n<p><!-- \/wp:paragraph --><\/p>\t\t\t\t\t\t<\/div>\n\t\t\t\t<\/div>\n\t\t\t\t\t<\/div>\n\t\t<\/div>\n\t\t\t\t\t\t\t<\/div>\n\t\t<\/section>\n\t\t\t\t\t<\/div>\n\t\t<\/div>\n\t\t\t\t\t\t\t<\/div>\n\t\t<\/section>\n\t\t\t\t<section class=\"elementor-section elementor-top-section elementor-element elementor-element-73e2f1a elementor-section-stretched elementor-section-boxed elementor-section-height-default elementor-section-height-default\" data-id=\"73e2f1a\" data-element_type=\"section\" data-settings=\"{&quot;stretch_section&quot;:&quot;section-stretched&quot;}\">\n\t\t\t\t\t\t<div class=\"elementor-container elementor-column-gap-default\">\n\t\t\t\t\t<div class=\"elementor-column elementor-col-50 elementor-top-column elementor-element elementor-element-d074063\" data-id=\"d074063\" data-element_type=\"column\">\n\t\t\t<div class=\"elementor-widget-wrap elementor-element-populated\">\n\t\t\t\t\t\t\t\t<div class=\"elementor-element elementor-element-95abd87 elementor-widget elementor-widget-image\" data-id=\"95abd87\" data-element_type=\"widget\" data-widget_type=\"image.default\">\n\t\t\t\t<div class=\"elementor-widget-container\">\n\t\t\t\t\t\t\t\t\t\t\t\t\t\t\t\t<a href=\"https:\/\/ratball.fi\/en\/kuvat\/\">\n\t\t\t\t\t\t\t<img fetchpriority=\"high\" decoding=\"async\" width=\"1024\" height=\"513\" src=\"https:\/\/ratball.fi\/wp-content\/uploads\/2021\/05\/kuvat_palkki_nettisivuille-1024x513.png\" class=\"attachment-large size-large wp-image-15\" alt=\"\" srcset=\"https:\/\/ratball.fi\/wp-content\/uploads\/2021\/05\/kuvat_palkki_nettisivuille-1024x513.png 1024w, https:\/\/ratball.fi\/wp-content\/uploads\/2021\/05\/kuvat_palkki_nettisivuille-300x150.png 300w, https:\/\/ratball.fi\/wp-content\/uploads\/2021\/05\/kuvat_palkki_nettisivuille-768x385.png 768w, https:\/\/ratball.fi\/wp-content\/uploads\/2021\/05\/kuvat_palkki_nettisivuille.png 1182w\" sizes=\"(max-width: 1024px) 100vw, 1024px\" \/>\t\t\t\t\t\t\t\t<\/a>\n\t\t\t\t\t\t\t\t\t\t\t\t\t\t\t<\/div>\n\t\t\t\t<\/div>\n\t\t\t\t\t<\/div>\n\t\t<\/div>\n\t\t\t\t<div class=\"elementor-column elementor-col-50 elementor-top-column elementor-element elementor-element-252a84a\" data-id=\"252a84a\" data-element_type=\"column\">\n\t\t\t<div class=\"elementor-widget-wrap elementor-element-populated\">\n\t\t\t\t\t\t\t\t<div class=\"elementor-element elementor-element-425ff0c elementor-widget elementor-widget-image\" data-id=\"425ff0c\" data-element_type=\"widget\" data-widget_type=\"image.default\">\n\t\t\t\t<div class=\"elementor-widget-container\">\n\t\t\t\t\t\t\t\t\t\t\t\t\t\t\t\t<a href=\"https:\/\/ratball.fi\/en\/videot\/\">\n\t\t\t\t\t\t\t<img decoding=\"async\" width=\"1024\" height=\"513\" src=\"https:\/\/ratball.fi\/wp-content\/uploads\/2021\/05\/videot_palkki_nettisivuille-1024x513.png\" class=\"attachment-large size-large wp-image-16\" alt=\"\" srcset=\"https:\/\/ratball.fi\/wp-content\/uploads\/2021\/05\/videot_palkki_nettisivuille-1024x513.png 1024w, https:\/\/ratball.fi\/wp-content\/uploads\/2021\/05\/videot_palkki_nettisivuille-300x150.png 300w, https:\/\/ratball.fi\/wp-content\/uploads\/2021\/05\/videot_palkki_nettisivuille-768x385.png 768w, https:\/\/ratball.fi\/wp-content\/uploads\/2021\/05\/videot_palkki_nettisivuille.png 1182w\" sizes=\"(max-width: 1024px) 100vw, 1024px\" \/>\t\t\t\t\t\t\t\t<\/a>\n\t\t\t\t\t\t\t\t\t\t\t\t\t\t\t<\/div>\n\t\t\t\t<\/div>\n\t\t\t\t\t<\/div>\n\t\t<\/div>\n\t\t\t\t\t\t\t<\/div>\n\t\t<\/section>\n\t\t\t\t\t\t\t<\/div>","protected":false},"excerpt":{"rendered":"<p>Toinen RatBall Roadtrip 2022, \u00c5land teksti\u00e4 ja kuvia reissusta t\u00e4h\u00e4n \u00a0 \u00a0 \u00a0 \u00a0 \u00a0 \u00a0 \u00a0 \u00a0 \u00a0 \u00a0 \u00a0<\/p>","protected":false},"author":2,"featured_media":0,"parent":0,"menu_order":0,"comment_status":"closed","ping_status":"closed","template":"","meta":{"_kad_post_transparent":"","_kad_post_title":"hide","_kad_post_layout":"fullwidth","_kad_post_sidebar_id":"","_kad_post_content_style":"unboxed","_kad_post_vertical_padding":"hide","_kad_post_feature":"hide","_kad_post_feature_position":"","_kad_post_header":false,"_kad_post_footer":false,"footnotes":""},"class_list":["post-1108","page","type-page","status-publish","hentry"],"_links":{"self":[{"href":"https:\/\/ratball.fi\/en\/wp-json\/wp\/v2\/pages\/1108","targetHints":{"allow":["GET"]}}],"collection":[{"href":"https:\/\/ratball.fi\/en\/wp-json\/wp\/v2\/pages"}],"about":[{"href":"https:\/\/ratball.fi\/en\/wp-json\/wp\/v2\/types\/page"}],"author":[{"embeddable":true,"href":"https:\/\/ratball.fi\/en\/wp-json\/wp\/v2\/users\/2"}],"replies":[{"embeddable":true,"href":"https:\/\/ratball.fi\/en\/wp-json\/wp\/v2\/comments?post=1108"}],"version-history":[{"count":25,"href":"https:\/\/ratball.fi\/en\/wp-json\/wp\/v2\/pages\/1108\/revisions"}],"predecessor-version":[{"id":1221,"href":"https:\/\/ratball.fi\/en\/wp-json\/wp\/v2\/pages\/1108\/revisions\/1221"}],"wp:attachment":[{"href":"https:\/\/ratball.fi\/en\/wp-json\/wp\/v2\/media?parent=1108"}],"curies":[{"name":"wp","href":"https:\/\/api.w.org\/{rel}","templated":true}]}}