{"id":13,"date":"2021-05-12T13:51:43","date_gmt":"2021-05-12T10:51:43","guid":{"rendered":"http:\/\/ratball.fi\/?page_id=13"},"modified":"2022-01-28T08:34:35","modified_gmt":"2022-01-28T06:34:35","slug":"etusivu","status":"publish","type":"page","link":"https:\/\/ratball.fi\/en\/","title":{"rendered":"Home"},"content":{"rendered":"<div data-elementor-type=\"wp-page\" data-elementor-id=\"13\" class=\"elementor elementor-13\">\n\t\t\t\t\t\t\t\t\t<section class=\"elementor-section elementor-top-section elementor-element elementor-element-166e45b elementor-section-full_width bg-container elementor-section-height-default elementor-section-height-default\" data-id=\"166e45b\" data-element_type=\"section\" data-settings=\"{&quot;background_background&quot;:&quot;classic&quot;}\">\n\t\t\t\t\t\t<div class=\"elementor-container elementor-column-gap-default\">\n\t\t\t\t\t<div class=\"elementor-column elementor-col-100 elementor-top-column elementor-element elementor-element-8eaf9aa bg-container\" data-id=\"8eaf9aa\" data-element_type=\"column\" data-settings=\"{&quot;background_background&quot;:&quot;classic&quot;}\">\n\t\t\t<div class=\"elementor-widget-wrap elementor-element-populated\">\n\t\t\t\t\t\t\t\t<section class=\"elementor-section elementor-inner-section elementor-element elementor-element-b1450c2 elementor-section-boxed elementor-section-height-default elementor-section-height-default\" data-id=\"b1450c2\" data-element_type=\"section\">\n\t\t\t\t\t\t<div class=\"elementor-container elementor-column-gap-default\">\n\t\t\t\t\t<div class=\"elementor-column elementor-col-50 elementor-inner-column elementor-element elementor-element-13b876e\" data-id=\"13b876e\" data-element_type=\"column\">\n\t\t\t<div class=\"elementor-widget-wrap elementor-element-populated\">\n\t\t\t\t\t\t\t\t<div class=\"elementor-element elementor-element-7535113 elementor-widget elementor-widget-image\" data-id=\"7535113\" data-element_type=\"widget\" data-widget_type=\"image.default\">\n\t\t\t\t<div class=\"elementor-widget-container\">\n\t\t\t\t\t\t\t\t\t\t\t\t\t\t\t<img fetchpriority=\"high\" decoding=\"async\" width=\"465\" height=\"465\" src=\"https:\/\/ratball.fi\/wp-content\/uploads\/2022\/01\/ratball_2022_logo.png\" class=\"attachment-large size-large wp-image-1079\" alt=\"\" srcset=\"https:\/\/ratball.fi\/wp-content\/uploads\/2022\/01\/ratball_2022_logo.png 465w, https:\/\/ratball.fi\/wp-content\/uploads\/2022\/01\/ratball_2022_logo-300x300.png 300w, https:\/\/ratball.fi\/wp-content\/uploads\/2022\/01\/ratball_2022_logo-150x150.png 150w, https:\/\/ratball.fi\/wp-content\/uploads\/2022\/01\/ratball_2022_logo-12x12.png 12w\" sizes=\"(max-width: 465px) 100vw, 465px\" \/>\t\t\t\t\t\t\t\t\t\t\t\t\t\t\t<\/div>\n\t\t\t\t<\/div>\n\t\t\t\t\t<\/div>\n\t\t<\/div>\n\t\t\t\t<div class=\"elementor-column elementor-col-50 elementor-inner-column elementor-element elementor-element-3cdca93\" data-id=\"3cdca93\" data-element_type=\"column\" data-settings=\"{&quot;background_background&quot;:&quot;classic&quot;}\">\n\t\t\t<div class=\"elementor-widget-wrap elementor-element-populated\">\n\t\t\t\t\t\t\t\t<div class=\"elementor-element elementor-element-9c64cb6 elementor-widget elementor-widget-heading\" data-id=\"9c64cb6\" data-element_type=\"widget\" data-widget_type=\"heading.default\">\n\t\t\t\t<div class=\"elementor-widget-container\">\n\t\t\t<h1 class=\"elementor-heading-title elementor-size-default\">RatBall Roadtrip 2022<\/h1>\t\t<\/div>\n\t\t\t\t<\/div>\n\t\t\t\t<div class=\"elementor-element elementor-element-badc1d8 elementor-widget elementor-widget-text-editor\" data-id=\"badc1d8\" data-element_type=\"widget\" data-widget_type=\"text-editor.default\">\n\t\t\t\t<div class=\"elementor-widget-container\">\n\t\t\t\t\t\t\t<p><strong>Ratball Roadtrip 2022 Occupation of \u00c5land<\/strong><\/p><p>Do you own a beautiful classic car or an impressive hobby car? Can't you find action for your summer vacation? Join us in driving with a friend, spouse or child for the second time arranged Ratball-Roadtrip from 2 July 2022 to 9 July 2022!<\/p><p>In July 2022, Rengastien Autotarvike and sponsors will again arrange Ratball-Roadtrip. On this trip we drive with a nice group together from Sein\u00e4joki to Paimela, where we take part in the Cruising evening on Route 24.  From there, we will continue our journey to Turku, Naantali, \u00c5land, Porvoo and many other beautiful places.<\/p><p>The total distance is about 1500-2500 km, depending on the teams desire to drive and route choices. During this event we drive for eight days and we spend seven nights in good hotels. We have tried to build the day journeys so loosely that we can drive peacefully all the way and take breaks at our own pace. It's not a car race, it's a summer holiday trip for car hobbyists . Last in row drives our service car that checks that all arrive at duration.<\/p><p>Those attending road trip includes car hobbyists and collectors. Attending are different types of groups, couples, friends and some may have a child attending also.<\/p><p>During this trip you can talk about cars ! So get started and make your application !<\/p><p><strong>Last years participating cars will all be able to participate directly if they wish, and we will add about ten new cars to our Roadtrip. You should concentrate on the application!<\/strong><\/p><p><strong>Immediately after approval, a reservation fee of 1000\u20ac will be charged to the approved car team, which will not be returned if for some reason you need to cancel attending. In other hand, carefully plan your application and make sure that the whole car team is able to take a holiday for 2-9.7.2022.<\/strong><\/p>\t\t\t\t\t\t<\/div>\n\t\t\t\t<\/div>\n\t\t\t\t<div class=\"elementor-element elementor-element-b3ebc99 elementor-align-right elementor-widget elementor-widget-button\" data-id=\"b3ebc99\" data-element_type=\"widget\" data-widget_type=\"button.default\">\n\t\t\t\t<div class=\"elementor-widget-container\">\n\t\t\t\t\t<div class=\"elementor-button-wrapper\">\n\t\t\t<a class=\"elementor-button elementor-button-link elementor-size-sm\" href=\"https:\/\/ratball.fi\/en\/laheta-hakemus-2\/\">\n\t\t\t\t\t\t<span class=\"elementor-button-content-wrapper\">\n\t\t\t\t\t\t<span class=\"elementor-button-text\">Join here!<\/span>\n\t\t<\/span>\n\t\t\t\t\t<\/a>\n\t\t<\/div>\n\t\t\t\t<\/div>\n\t\t\t\t<\/div>\n\t\t\t\t\t<\/div>\n\t\t<\/div>\n\t\t\t\t\t\t\t<\/div>\n\t\t<\/section>\n\t\t\t\t\t<\/div>\n\t\t<\/div>\n\t\t\t\t\t\t\t<\/div>\n\t\t<\/section>\n\t\t\t\t<section class=\"elementor-section elementor-top-section elementor-element elementor-element-6dbf41f elementor-section-full_width elementor-section-height-default elementor-section-height-default\" data-id=\"6dbf41f\" data-element_type=\"section\">\n\t\t\t\t\t\t<div class=\"elementor-container elementor-column-gap-default\">\n\t\t\t\t\t<div class=\"elementor-column elementor-col-100 elementor-top-column elementor-element elementor-element-dd1591f\" data-id=\"dd1591f\" data-element_type=\"column\">\n\t\t\t<div class=\"elementor-widget-wrap elementor-element-populated\">\n\t\t\t\t\t\t\t\t<div class=\"elementor-element elementor-element-811a1a6 elementor-widget elementor-widget-eael-facebook-feed\" data-id=\"811a1a6\" data-element_type=\"widget\" data-widget_type=\"eael-facebook-feed.default\">\n\t\t\t\t<div class=\"elementor-widget-container\">\n\t\t\t        <div class=\"eael-facebook-feed eael-col-3 eael-facebook-feed-card\" id=\"eael-facebook-feed-811a1a6\">\n                    <\/div>\n        <div class=\"clearfix\"><\/div>\n        \t\t<\/div>\n\t\t\t\t<\/div>\n\t\t\t\t<section class=\"elementor-section elementor-inner-section elementor-element elementor-element-dfe59db elementor-section-boxed elementor-section-height-default elementor-section-height-default\" data-id=\"dfe59db\" data-element_type=\"section\" data-settings=\"{&quot;background_background&quot;:&quot;classic&quot;}\">\n\t\t\t\t\t\t<div class=\"elementor-container elementor-column-gap-default\">\n\t\t\t\t\t<div class=\"elementor-column elementor-col-100 elementor-inner-column elementor-element elementor-element-18057fe\" data-id=\"18057fe\" data-element_type=\"column\">\n\t\t\t<div class=\"elementor-widget-wrap elementor-element-populated\">\n\t\t\t\t\t\t\t\t<div class=\"elementor-element elementor-element-f62223c elementor-widget elementor-widget-heading\" data-id=\"f62223c\" data-element_type=\"widget\" data-widget_type=\"heading.default\">\n\t\t\t\t<div class=\"elementor-widget-container\">\n\t\t\t<h4 class=\"elementor-heading-title elementor-size-default\">Sponsors<\/h4>\t\t<\/div>\n\t\t\t\t<\/div>\n\t\t\t\t\t<\/div>\n\t\t<\/div>\n\t\t\t\t\t\t\t<\/div>\n\t\t<\/section>\n\t\t\t\t<section class=\"elementor-section elementor-inner-section elementor-element elementor-element-73d54bc elementor-section-full_width elementor-section-height-default elementor-section-height-default\" data-id=\"73d54bc\" data-element_type=\"section\" data-settings=\"{&quot;background_background&quot;:&quot;gradient&quot;}\">\n\t\t\t\t\t\t<div class=\"elementor-container elementor-column-gap-default\">\n\t\t\t\t\t<div class=\"elementor-column elementor-col-25 elementor-inner-column elementor-element elementor-element-74ebcf4\" data-id=\"74ebcf4\" data-element_type=\"column\">\n\t\t\t<div class=\"elementor-widget-wrap elementor-element-populated\">\n\t\t\t\t\t\t\t\t<div class=\"elementor-element elementor-element-be1c401 elementor-widget elementor-widget-image\" data-id=\"be1c401\" data-element_type=\"widget\" data-widget_type=\"image.default\">\n\t\t\t\t<div class=\"elementor-widget-container\">\n\t\t\t\t\t\t\t\t\t\t\t\t\t\t\t\t<a href=\"http:\/\/www.autotarvike.fi\" target=\"_blank\">\n\t\t\t\t\t\t\t<img decoding=\"async\" width=\"300\" height=\"63\" src=\"https:\/\/ratball.fi\/wp-content\/uploads\/2021\/05\/RENGASTIEN-AUTOTARVIKE-OY_logo_osoitetiedot-300x63.png\" class=\"attachment-medium size-medium wp-image-220\" alt=\"\" srcset=\"https:\/\/ratball.fi\/wp-content\/uploads\/2021\/05\/RENGASTIEN-AUTOTARVIKE-OY_logo_osoitetiedot-300x63.png 300w, https:\/\/ratball.fi\/wp-content\/uploads\/2021\/05\/RENGASTIEN-AUTOTARVIKE-OY_logo_osoitetiedot.png 544w\" sizes=\"(max-width: 300px) 100vw, 300px\" \/>\t\t\t\t\t\t\t\t<\/a>\n\t\t\t\t\t\t\t\t\t\t\t\t\t\t\t<\/div>\n\t\t\t\t<\/div>\n\t\t\t\t\t<\/div>\n\t\t<\/div>\n\t\t\t\t<div class=\"elementor-column elementor-col-25 elementor-inner-column elementor-element elementor-element-45f9e88\" data-id=\"45f9e88\" data-element_type=\"column\">\n\t\t\t<div class=\"elementor-widget-wrap elementor-element-populated\">\n\t\t\t\t\t\t\t\t<div class=\"elementor-element elementor-element-6d21b55 elementor-widget elementor-widget-image\" data-id=\"6d21b55\" data-element_type=\"widget\" data-widget_type=\"image.default\">\n\t\t\t\t<div class=\"elementor-widget-container\">\n\t\t\t\t\t\t\t\t\t\t\t\t\t\t\t\t<a href=\"https:\/\/www.nk-autoparts.com\/\">\n\t\t\t\t\t\t\t<img decoding=\"async\" width=\"300\" height=\"70\" src=\"https:\/\/ratball.fi\/wp-content\/uploads\/2022\/01\/plogo-300x70.png\" class=\"attachment-medium size-medium wp-image-1152\" alt=\"\" srcset=\"https:\/\/ratball.fi\/wp-content\/uploads\/2022\/01\/plogo-300x70.png 300w, https:\/\/ratball.fi\/wp-content\/uploads\/2022\/01\/plogo-768x180.png 768w, https:\/\/ratball.fi\/wp-content\/uploads\/2022\/01\/plogo-18x4.png 18w, https:\/\/ratball.fi\/wp-content\/uploads\/2022\/01\/plogo.png 797w\" sizes=\"(max-width: 300px) 100vw, 300px\" \/>\t\t\t\t\t\t\t\t<\/a>\n\t\t\t\t\t\t\t\t\t\t\t\t\t\t\t<\/div>\n\t\t\t\t<\/div>\n\t\t\t\t\t<\/div>\n\t\t<\/div>\n\t\t\t\t<div class=\"elementor-column elementor-col-25 elementor-inner-column elementor-element elementor-element-6016cc8\" data-id=\"6016cc8\" data-element_type=\"column\">\n\t\t\t<div class=\"elementor-widget-wrap elementor-element-populated\">\n\t\t\t\t\t\t\t\t\t<\/div>\n\t\t<\/div>\n\t\t\t\t<div class=\"elementor-column elementor-col-25 elementor-inner-column elementor-element elementor-element-ae3692e\" data-id=\"ae3692e\" data-element_type=\"column\">\n\t\t\t<div class=\"elementor-widget-wrap elementor-element-populated\">\n\t\t\t\t\t\t\t\t\t<\/div>\n\t\t<\/div>\n\t\t\t\t\t\t\t<\/div>\n\t\t<\/section>\n\t\t\t\t\t<\/div>\n\t\t<\/div>\n\t\t\t\t\t\t\t<\/div>\n\t\t<\/section>\n\t\t\t\t\t\t\t<\/div>","protected":false},"excerpt":{"rendered":"<p>RatBall Roadtrip 2022 Ratball Roadtrip 2022 Occupation of \u00c5land Omistatko kauniin klassikkoauton tai n\u00e4ytt\u00e4v\u00e4n harrasteauton? Eik\u00f6 l\u00f6ydy kes\u00e4lomareissulle kohdetta? L\u00e4hde mukaan ajamaan kaverisi, puolisosi tai lapsesi kanssa toista kertaa j\u00e4rjestett\u00e4v\u00e4lle Rengastien Autotarvikkeen Ratball-Roadtripille 2.7.2022-9.7.2022! Rengastien Autotarvike yhteisty\u00f6kumppaneineen j\u00e4rjest\u00e4\u00e4 j\u00e4lleen Ratball-Roadtripin hein\u00e4kuussa 2022. Eli t\u00e4ll\u00e4 reissulla ajamme mukavalla porukalla yhdess\u00e4 Sein\u00e4joelta Paimelaan, jossa osallistumme Route 24:n&#8230;<\/p>","protected":false},"author":1,"featured_media":0,"parent":0,"menu_order":0,"comment_status":"closed","ping_status":"closed","template":"","meta":{"_kad_post_transparent":"","_kad_post_title":"hide","_kad_post_layout":"fullwidth","_kad_post_sidebar_id":"","_kad_post_content_style":"unboxed","_kad_post_vertical_padding":"hide","_kad_post_feature":"hide","_kad_post_feature_position":"","_kad_post_header":false,"_kad_post_footer":false,"footnotes":""},"class_list":["post-13","page","type-page","status-publish","hentry"],"_links":{"self":[{"href":"https:\/\/ratball.fi\/en\/wp-json\/wp\/v2\/pages\/13","targetHints":{"allow":["GET"]}}],"collection":[{"href":"https:\/\/ratball.fi\/en\/wp-json\/wp\/v2\/pages"}],"about":[{"href":"https:\/\/ratball.fi\/en\/wp-json\/wp\/v2\/types\/page"}],"author":[{"embeddable":true,"href":"https:\/\/ratball.fi\/en\/wp-json\/wp\/v2\/users\/1"}],"replies":[{"embeddable":true,"href":"https:\/\/ratball.fi\/en\/wp-json\/wp\/v2\/comments?post=13"}],"version-history":[{"count":285,"href":"https:\/\/ratball.fi\/en\/wp-json\/wp\/v2\/pages\/13\/revisions"}],"predecessor-version":[{"id":1161,"href":"https:\/\/ratball.fi\/en\/wp-json\/wp\/v2\/pages\/13\/revisions\/1161"}],"wp:attachment":[{"href":"https:\/\/ratball.fi\/en\/wp-json\/wp\/v2\/media?parent=13"}],"curies":[{"name":"wp","href":"https:\/\/api.w.org\/{rel}","templated":true}]}}