{"id":143,"date":"2021-05-14T11:18:04","date_gmt":"2021-05-14T08:18:04","guid":{"rendered":"http:\/\/ratball.fi\/?page_id=143"},"modified":"2022-01-31T15:09:22","modified_gmt":"2022-01-31T13:09:22","slug":"lisatietoa-2","status":"publish","type":"page","link":"https:\/\/ratball.fi\/en\/lisatietoa-2\/","title":{"rendered":"Info"},"content":{"rendered":"<div data-elementor-type=\"wp-page\" data-elementor-id=\"143\" class=\"elementor elementor-143\">\n\t\t\t\t\t\t\t\t\t<section class=\"elementor-section elementor-top-section elementor-element elementor-element-c3026b7 elementor-section-height-min-height elementor-section-items-top elementor-section-boxed elementor-section-height-default\" data-id=\"c3026b7\" data-element_type=\"section\" data-settings=\"{&quot;background_background&quot;:&quot;classic&quot;}\">\n\t\t\t\t\t\t\t<div class=\"elementor-background-overlay\"><\/div>\n\t\t\t\t\t\t\t<div class=\"elementor-container elementor-column-gap-default\">\n\t\t\t\t\t<div class=\"elementor-column elementor-col-100 elementor-top-column elementor-element elementor-element-e6a2841\" data-id=\"e6a2841\" data-element_type=\"column\" data-settings=\"{&quot;background_background&quot;:&quot;classic&quot;}\">\n\t\t\t<div class=\"elementor-widget-wrap elementor-element-populated\">\n\t\t\t\t\t\t\t\t<section class=\"elementor-section elementor-inner-section elementor-element elementor-element-e7897a1 elementor-section-boxed elementor-section-height-default elementor-section-height-default\" data-id=\"e7897a1\" data-element_type=\"section\">\n\t\t\t\t\t\t<div class=\"elementor-container elementor-column-gap-default\">\n\t\t\t\t\t<div class=\"elementor-column elementor-col-50 elementor-inner-column elementor-element elementor-element-088c7c2\" data-id=\"088c7c2\" data-element_type=\"column\">\n\t\t\t<div class=\"elementor-widget-wrap elementor-element-populated\">\n\t\t\t\t\t\t\t\t<div class=\"elementor-element elementor-element-0f1c049 elementor-widget elementor-widget-image\" data-id=\"0f1c049\" data-element_type=\"widget\" data-widget_type=\"image.default\">\n\t\t\t\t<div class=\"elementor-widget-container\">\n\t\t\t\t\t\t\t\t\t\t\t\t\t\t\t<img fetchpriority=\"high\" decoding=\"async\" width=\"465\" height=\"465\" src=\"https:\/\/ratball.fi\/wp-content\/uploads\/2022\/01\/ratball_2022_logo.png\" class=\"attachment-medium_large size-medium_large wp-image-1079\" alt=\"\" srcset=\"https:\/\/ratball.fi\/wp-content\/uploads\/2022\/01\/ratball_2022_logo.png 465w, https:\/\/ratball.fi\/wp-content\/uploads\/2022\/01\/ratball_2022_logo-300x300.png 300w, https:\/\/ratball.fi\/wp-content\/uploads\/2022\/01\/ratball_2022_logo-150x150.png 150w, https:\/\/ratball.fi\/wp-content\/uploads\/2022\/01\/ratball_2022_logo-12x12.png 12w\" sizes=\"(max-width: 465px) 100vw, 465px\" \/>\t\t\t\t\t\t\t\t\t\t\t\t\t\t\t<\/div>\n\t\t\t\t<\/div>\n\t\t\t\t\t<\/div>\n\t\t<\/div>\n\t\t\t\t<div class=\"elementor-column elementor-col-50 elementor-inner-column elementor-element elementor-element-eda7239\" data-id=\"eda7239\" data-element_type=\"column\" data-settings=\"{&quot;background_background&quot;:&quot;classic&quot;}\">\n\t\t\t<div class=\"elementor-widget-wrap elementor-element-populated\">\n\t\t\t\t\t\t\t\t<div class=\"elementor-element elementor-element-311a1ae elementor-widget elementor-widget-heading\" data-id=\"311a1ae\" data-element_type=\"widget\" data-widget_type=\"heading.default\">\n\t\t\t\t<div class=\"elementor-widget-container\">\n\t\t\t<h1 class=\"elementor-heading-title elementor-size-default\">Info<\/h1>\t\t<\/div>\n\t\t\t\t<\/div>\n\t\t\t\t<div class=\"elementor-element elementor-element-8929ba9 elementor-widget elementor-widget-text-editor\" data-id=\"8929ba9\" data-element_type=\"widget\" data-widget_type=\"text-editor.default\">\n\t\t\t\t<div class=\"elementor-widget-container\">\n\t\t\t\t\t\t\t<p><b>Route<\/b><\/p><p>Ratball Roadtrip 2022 will be held again in Finland due to the uncertain coronavirus situation. From Sein\u00e4joki we drive through P\u00e4ij\u00e4nne to the  Route 24 Cruising-evening of Paimelan Paroni . After our stay, the journey continues towards Turku and Naantali, from where we take a ferry with cars to L\u00e5ngn\u00e4s in \u00c5land. We spend a couple of nights in \u00c5land in high-class resorts and explore the local attractions as we please. After \u00c5land we travel to the Southern regions of Finland, towards Porvoo, from where we head back towards Sein\u00e4joki. The car team can ride with others on the trip or drive themselves from one hotel to another, looking at the sights they want. At many night places we have reserved our own parking area in front of the hotel.<\/p><p>After \u00c5land we travel to the southern regions of Finland, towards Porvoo, from where we head back towards Sein\u00e4joki. The car team can ride with others on the trip or drive themselves from one hotel to another, looking at the sights they want.<\/p><p><b>Expenses<\/b><\/p><p>We accommodate in high-class hotels and the cost per car team (2 people) is 2500\u20ac, which includes accommodation in a double room, breakfast and buffet dining in the evenings throughout the trip.  Also sauna and spa is available at a flew places.<\/p><p>The price also includes a double ferry trip including cars  Naantali-L\u00e5ngn\u00e4s-Naantali (+buffet meals on boat back &amp; forth). In addition, coffee and refreshments are available at designated locations. There are currently one or two service cars with crews to help along the way as needed. Last year there was even a spare car if someone's vehicle had problems. Other costs such as fuels, souvenirs, entrance fees, etc. each pays themself.<\/p><p>Price this year is 2500\u20ac\/2 persons\/car team. Approved car team will be sent 1000\u20ac pre-payment, which is non-refundable if for some reason car team needs to cancel the trip. \u00a0\u00a0<\/p><p><b>Schedule<\/b><\/p><p>Departure takes place on Saturday 2.7.2022 time will be informed closer to take off day from Rengastien Autotarvike Oy and the trip ends back to Rengastien Autotarvike on Saturday 9.7.2022 . We will be on the road 7 nights and 8 days in total.<\/p><p><b>Muuta<\/b><\/p><p>Last year we organized the first ever Ratball Roadtrip and based on the very positive feedback received from it, we are organizing a new trip this year.<\/p><p>Last year there was a lot of driving on our route and this year we have built shorter day journeys and the car teams get to tour different sights or relax in the spas of the hotels at their own pace. There are also sections that we drive with the whole group in a line.<\/p><p>About 20-23 cars and service cars will be able to attend this year.<\/p>\t\t\t\t\t\t<\/div>\n\t\t\t\t<\/div>\n\t\t\t\t\t<\/div>\n\t\t<\/div>\n\t\t\t\t\t\t\t<\/div>\n\t\t<\/section>\n\t\t\t\t\t<\/div>\n\t\t<\/div>\n\t\t\t\t\t\t\t<\/div>\n\t\t<\/section>\n\t\t\t\t\t\t\t<\/div>","protected":false},"excerpt":{"rendered":"<p>Lis\u00e4tietoa: Reitti Ratball Roadtrip 2022 suuntautuu t\u00e4ll\u00e4 kertaa ep\u00e4varmasta koronatilanteesta johtuen j\u00e4lleen kotimaahan. Sein\u00e4joelta ajamme P\u00e4ij\u00e4nteen kautta Paimelan Paronin Route 24:n Cruising-iltaan, jossa osallistumme useiden kymmenien muiden ajoneuvojen kanssa Cruising-ajeluun sek\u00e4 sy\u00f6mme maittavan illallisen Routella. Y\u00f6vytty\u00e4mme matka jatkuu kohti Turkua ja Naantalia, josta menemme autojen kanssa lautalla L\u00e5ngn\u00e4siin Ahvenanmaalle. Viet\u00e4mme pari y\u00f6t\u00e4 Ahvenanmaalla laadukkaassa Resortissa&#8230;<\/p>","protected":false},"author":2,"featured_media":0,"parent":0,"menu_order":0,"comment_status":"closed","ping_status":"closed","template":"","meta":{"_kad_post_transparent":"","_kad_post_title":"hide","_kad_post_layout":"fullwidth","_kad_post_sidebar_id":"","_kad_post_content_style":"unboxed","_kad_post_vertical_padding":"hide","_kad_post_feature":"hide","_kad_post_feature_position":"","_kad_post_header":false,"_kad_post_footer":false,"footnotes":""},"class_list":["post-143","page","type-page","status-publish","hentry"],"_links":{"self":[{"href":"https:\/\/ratball.fi\/en\/wp-json\/wp\/v2\/pages\/143","targetHints":{"allow":["GET"]}}],"collection":[{"href":"https:\/\/ratball.fi\/en\/wp-json\/wp\/v2\/pages"}],"about":[{"href":"https:\/\/ratball.fi\/en\/wp-json\/wp\/v2\/types\/page"}],"author":[{"embeddable":true,"href":"https:\/\/ratball.fi\/en\/wp-json\/wp\/v2\/users\/2"}],"replies":[{"embeddable":true,"href":"https:\/\/ratball.fi\/en\/wp-json\/wp\/v2\/comments?post=143"}],"version-history":[{"count":59,"href":"https:\/\/ratball.fi\/en\/wp-json\/wp\/v2\/pages\/143\/revisions"}],"predecessor-version":[{"id":1227,"href":"https:\/\/ratball.fi\/en\/wp-json\/wp\/v2\/pages\/143\/revisions\/1227"}],"wp:attachment":[{"href":"https:\/\/ratball.fi\/en\/wp-json\/wp\/v2\/media?parent=143"}],"curies":[{"name":"wp","href":"https:\/\/api.w.org\/{rel}","templated":true}]}}