{"id":320,"date":"2021-05-17T09:01:12","date_gmt":"2021-05-17T06:01:12","guid":{"rendered":"http:\/\/ratball.fi\/?page_id=320"},"modified":"2022-05-16T08:47:05","modified_gmt":"2022-05-16T05:47:05","slug":"sponsoriksi","status":"publish","type":"page","link":"https:\/\/ratball.fi\/en\/sponsoriksi\/","title":{"rendered":"Sponsors"},"content":{"rendered":"<div data-elementor-type=\"wp-page\" data-elementor-id=\"320\" class=\"elementor elementor-320\">\n\t\t\t\t\t\t\t\t\t<section class=\"elementor-section elementor-top-section elementor-element elementor-element-6fadeff elementor-section-height-min-height elementor-section-items-top elementor-section-boxed elementor-section-height-default\" data-id=\"6fadeff\" data-element_type=\"section\" data-settings=\"{&quot;background_background&quot;:&quot;classic&quot;}\">\n\t\t\t\t\t\t\t<div class=\"elementor-background-overlay\"><\/div>\n\t\t\t\t\t\t\t<div class=\"elementor-container elementor-column-gap-default\">\n\t\t\t\t\t<div class=\"elementor-column elementor-col-100 elementor-top-column elementor-element elementor-element-2854c33\" data-id=\"2854c33\" data-element_type=\"column\" data-settings=\"{&quot;background_background&quot;:&quot;classic&quot;}\">\n\t\t\t<div class=\"elementor-widget-wrap elementor-element-populated\">\n\t\t\t\t\t\t\t\t<section class=\"elementor-section elementor-inner-section elementor-element elementor-element-bb0e024 elementor-section-boxed elementor-section-height-default elementor-section-height-default\" data-id=\"bb0e024\" data-element_type=\"section\">\n\t\t\t\t\t\t<div class=\"elementor-container elementor-column-gap-default\">\n\t\t\t\t\t<div class=\"elementor-column elementor-col-50 elementor-inner-column elementor-element elementor-element-edfbfb1\" data-id=\"edfbfb1\" data-element_type=\"column\">\n\t\t\t<div class=\"elementor-widget-wrap elementor-element-populated\">\n\t\t\t\t\t\t\t\t<div class=\"elementor-element elementor-element-0e6e3d1 elementor-widget elementor-widget-image\" data-id=\"0e6e3d1\" data-element_type=\"widget\" data-widget_type=\"image.default\">\n\t\t\t\t<div class=\"elementor-widget-container\">\n\t\t\t\t\t\t\t\t\t\t\t\t\t\t\t<img fetchpriority=\"high\" decoding=\"async\" width=\"465\" height=\"465\" src=\"https:\/\/ratball.fi\/wp-content\/uploads\/2022\/01\/ratball_2022_logo.png\" class=\"attachment-medium_large size-medium_large wp-image-1079\" alt=\"\" srcset=\"https:\/\/ratball.fi\/wp-content\/uploads\/2022\/01\/ratball_2022_logo.png 465w, https:\/\/ratball.fi\/wp-content\/uploads\/2022\/01\/ratball_2022_logo-300x300.png 300w, https:\/\/ratball.fi\/wp-content\/uploads\/2022\/01\/ratball_2022_logo-150x150.png 150w, https:\/\/ratball.fi\/wp-content\/uploads\/2022\/01\/ratball_2022_logo-12x12.png 12w\" sizes=\"(max-width: 465px) 100vw, 465px\" \/>\t\t\t\t\t\t\t\t\t\t\t\t\t\t\t<\/div>\n\t\t\t\t<\/div>\n\t\t\t\t\t<\/div>\n\t\t<\/div>\n\t\t\t\t<div class=\"elementor-column elementor-col-50 elementor-inner-column elementor-element elementor-element-b4d608c\" data-id=\"b4d608c\" data-element_type=\"column\" data-settings=\"{&quot;background_background&quot;:&quot;classic&quot;}\">\n\t\t\t<div class=\"elementor-widget-wrap elementor-element-populated\">\n\t\t\t\t\t\t\t\t<div class=\"elementor-element elementor-element-f441b40 elementor-widget elementor-widget-heading\" data-id=\"f441b40\" data-element_type=\"widget\" data-widget_type=\"heading.default\">\n\t\t\t\t<div class=\"elementor-widget-container\">\n\t\t\t<h1 class=\"elementor-heading-title elementor-size-default\">Sponsors<\/h1>\t\t<\/div>\n\t\t\t\t<\/div>\n\t\t\t\t<div class=\"elementor-element elementor-element-e4b027c elementor-widget elementor-widget-text-editor\" data-id=\"e4b027c\" data-element_type=\"widget\" data-widget_type=\"text-editor.default\">\n\t\t\t\t<div class=\"elementor-widget-container\">\n\t\t\t\t\t\t\t<p>For the second time RatBall 2022 , is looking for partners to take part in the trip. The cars included consist of great classic cars and impressive hobby cars. The cars will be taped with the stickers of the event and the logos of the sponsors.<br>You can also get visibility on the event's website, Facebook and Instagram. During the event, there will be a lot of photos and videos of the event on social media channels. The participating cars can also update their own social media channels. Each car team also gets the shirts of the event with the logos of the co-operation partners.<br>You can sponsor with preferred sponsor package.<\/p><br><p>Please contact us ratball (at) ratoy.fi!<\/p>\t\t\t\t\t\t<\/div>\n\t\t\t\t<\/div>\n\t\t\t\t\t<\/div>\n\t\t<\/div>\n\t\t\t\t\t\t\t<\/div>\n\t\t<\/section>\n\t\t\t\t\t<\/div>\n\t\t<\/div>\n\t\t\t\t\t\t\t<\/div>\n\t\t<\/section>\n\t\t\t\t\t\t\t<\/div>","protected":false},"excerpt":{"rendered":"<p>Sponsoriksi Toista kertaa j\u00e4rjestett\u00e4v\u00e4 RatBall 2022 etsii kumppaneita matkalle mukaan. Mukana olevat autokunnat koostuvat upeista klassikkoautoista sek\u00e4 n\u00e4ytt\u00e4vist\u00e4 harrasteautoista. Autot tullaan teippaamaan tapahtuman tarroilla sek\u00e4 sponsoreiden logoilla.Saat n\u00e4kyvyytt\u00e4 my\u00f6s tapahtuman nettisivuilla, Facebookissa ja Instagramissa. Tapahtuman aikana somekanaville tulee paljon kuvia ja videoita tapahtumasta. My\u00f6s mukana olevat autokunnat p\u00e4ivitt\u00e4v\u00e4t varmasti omia somekanaviaan. Jokainen autokunta saa my\u00f6s&#8230;<\/p>","protected":false},"author":1,"featured_media":0,"parent":0,"menu_order":0,"comment_status":"closed","ping_status":"closed","template":"","meta":{"_kad_post_transparent":"","_kad_post_title":"hide","_kad_post_layout":"fullwidth","_kad_post_sidebar_id":"","_kad_post_content_style":"unboxed","_kad_post_vertical_padding":"hide","_kad_post_feature":"hide","_kad_post_feature_position":"","_kad_post_header":false,"_kad_post_footer":false,"footnotes":""},"class_list":["post-320","page","type-page","status-publish","hentry"],"_links":{"self":[{"href":"https:\/\/ratball.fi\/en\/wp-json\/wp\/v2\/pages\/320","targetHints":{"allow":["GET"]}}],"collection":[{"href":"https:\/\/ratball.fi\/en\/wp-json\/wp\/v2\/pages"}],"about":[{"href":"https:\/\/ratball.fi\/en\/wp-json\/wp\/v2\/types\/page"}],"author":[{"embeddable":true,"href":"https:\/\/ratball.fi\/en\/wp-json\/wp\/v2\/users\/1"}],"replies":[{"embeddable":true,"href":"https:\/\/ratball.fi\/en\/wp-json\/wp\/v2\/comments?post=320"}],"version-history":[{"count":86,"href":"https:\/\/ratball.fi\/en\/wp-json\/wp\/v2\/pages\/320\/revisions"}],"predecessor-version":[{"id":1242,"href":"https:\/\/ratball.fi\/en\/wp-json\/wp\/v2\/pages\/320\/revisions\/1242"}],"wp:attachment":[{"href":"https:\/\/ratball.fi\/en\/wp-json\/wp\/v2\/media?parent=320"}],"curies":[{"name":"wp","href":"https:\/\/api.w.org\/{rel}","templated":true}]}}