{"id":476,"date":"2021-05-17T13:00:25","date_gmt":"2021-05-17T10:00:25","guid":{"rendered":"http:\/\/ratball.fi\/?page_id=476"},"modified":"2022-05-16T08:41:37","modified_gmt":"2022-05-16T05:41:37","slug":"laheta-hakemus-2","status":"publish","type":"page","link":"https:\/\/ratball.fi\/en\/laheta-hakemus-2\/","title":{"rendered":"Send application"},"content":{"rendered":"<div data-elementor-type=\"wp-page\" data-elementor-id=\"476\" class=\"elementor elementor-476\">\n\t\t\t\t\t\t\t\t\t<section class=\"elementor-section elementor-top-section elementor-element elementor-element-7d935cc elementor-section-height-min-height elementor-section-items-top elementor-section-boxed elementor-section-height-default\" data-id=\"7d935cc\" data-element_type=\"section\" data-settings=\"{&quot;background_background&quot;:&quot;classic&quot;}\">\n\t\t\t\t\t\t\t<div class=\"elementor-background-overlay\"><\/div>\n\t\t\t\t\t\t\t<div class=\"elementor-container elementor-column-gap-default\">\n\t\t\t\t\t<div class=\"elementor-column elementor-col-100 elementor-top-column elementor-element elementor-element-50cc512\" data-id=\"50cc512\" data-element_type=\"column\" data-settings=\"{&quot;background_background&quot;:&quot;classic&quot;}\">\n\t\t\t<div class=\"elementor-widget-wrap elementor-element-populated\">\n\t\t\t\t\t\t\t\t<section class=\"elementor-section elementor-inner-section elementor-element elementor-element-7500f6b elementor-section-boxed elementor-section-height-default elementor-section-height-default\" data-id=\"7500f6b\" data-element_type=\"section\">\n\t\t\t\t\t\t<div class=\"elementor-container elementor-column-gap-default\">\n\t\t\t\t\t<div class=\"elementor-column elementor-col-50 elementor-inner-column elementor-element elementor-element-d6f07de\" data-id=\"d6f07de\" data-element_type=\"column\">\n\t\t\t<div class=\"elementor-widget-wrap elementor-element-populated\">\n\t\t\t\t\t\t\t\t<div class=\"elementor-element elementor-element-e045168 elementor-widget elementor-widget-image\" data-id=\"e045168\" data-element_type=\"widget\" data-widget_type=\"image.default\">\n\t\t\t\t<div class=\"elementor-widget-container\">\n\t\t\t\t\t\t\t\t\t\t\t\t\t\t\t<img fetchpriority=\"high\" decoding=\"async\" width=\"465\" height=\"465\" src=\"https:\/\/ratball.fi\/wp-content\/uploads\/2022\/01\/ratball_2022_logo.png\" class=\"attachment-medium_large size-medium_large wp-image-1079\" alt=\"\" srcset=\"https:\/\/ratball.fi\/wp-content\/uploads\/2022\/01\/ratball_2022_logo.png 465w, https:\/\/ratball.fi\/wp-content\/uploads\/2022\/01\/ratball_2022_logo-300x300.png 300w, https:\/\/ratball.fi\/wp-content\/uploads\/2022\/01\/ratball_2022_logo-150x150.png 150w, https:\/\/ratball.fi\/wp-content\/uploads\/2022\/01\/ratball_2022_logo-12x12.png 12w\" sizes=\"(max-width: 465px) 100vw, 465px\" \/>\t\t\t\t\t\t\t\t\t\t\t\t\t\t\t<\/div>\n\t\t\t\t<\/div>\n\t\t\t\t\t<\/div>\n\t\t<\/div>\n\t\t\t\t<div class=\"elementor-column elementor-col-50 elementor-inner-column elementor-element elementor-element-655256a\" data-id=\"655256a\" data-element_type=\"column\" data-settings=\"{&quot;background_background&quot;:&quot;classic&quot;}\">\n\t\t\t<div class=\"elementor-widget-wrap elementor-element-populated\">\n\t\t\t\t\t\t\t\t<div class=\"elementor-element elementor-element-a4540e4 elementor-widget elementor-widget-heading\" data-id=\"a4540e4\" data-element_type=\"widget\" data-widget_type=\"heading.default\">\n\t\t\t\t<div class=\"elementor-widget-container\">\n\t\t\t<h1 class=\"elementor-heading-title elementor-size-default\">Send application<\/h1>\t\t<\/div>\n\t\t\t\t<\/div>\n\t\t\t\t<div class=\"elementor-element elementor-element-c0e1400 elementor-widget elementor-widget-text-editor\" data-id=\"c0e1400\" data-element_type=\"widget\" data-widget_type=\"text-editor.default\">\n\t\t\t\t<div class=\"elementor-widget-container\">\n\t\t\t\t\t\t\t<p>Submit application\nAdd picture of your vehicle and informal introduction about attending car team. This is car hobbyist\u2019s trip, so good conduct is required because kids may also be attending. During this trip cars and beautiful scenery is the main thing!<\/p>\n<p><br><strong>Note! If you are selected, a reservation fee of 1000\u20ac will be sent to approved cars after approval, which cannot be credited if the car team needs to cancel the trip. In other hand, carefully consider your application and make sure that the entire car team is allowed to take a holiday 2-9.7.2022.<\/strong><\/p>\t\t\t\t\t\t<\/div>\n\t\t\t\t<\/div>\n\t\t\t\t<div class=\"elementor-element elementor-element-5687aa6 elementor-widget elementor-widget-shortcode\" data-id=\"5687aa6\" data-element_type=\"widget\" data-widget_type=\"shortcode.default\">\n\t\t\t\t<div class=\"elementor-widget-container\">\n\t\t\t\t\t<div class=\"elementor-shortcode\">\n<div class=\"wpcf7 no-js\" id=\"wpcf7-f116-o1\" lang=\"fi\" dir=\"ltr\">\n<div class=\"screen-reader-response\"><p role=\"status\" aria-live=\"polite\" aria-atomic=\"true\"><\/p> <ul><\/ul><\/div>\n<form action=\"\/en\/wp-json\/wp\/v2\/pages\/476#wpcf7-f116-o1\" method=\"post\" class=\"wpcf7-form init\" aria-label=\"Yhteydenottolomake\" enctype=\"multipart\/form-data\" novalidate=\"novalidate\" data-status=\"init\" data-trp-original-action=\"\/en\/wp-json\/wp\/v2\/pages\/476#wpcf7-f116-o1\">\n<div style=\"display: none;\">\n<input type=\"hidden\" name=\"_wpcf7\" value=\"116\" \/>\n<input type=\"hidden\" name=\"_wpcf7_version\" value=\"5.8.5\" \/>\n<input type=\"hidden\" name=\"_wpcf7_locale\" value=\"fi\" \/>\n<input type=\"hidden\" name=\"_wpcf7_unit_tag\" value=\"wpcf7-f116-o1\" \/>\n<input type=\"hidden\" name=\"_wpcf7_container_post\" value=\"0\" \/>\n<input type=\"hidden\" name=\"_wpcf7_posted_data_hash\" value=\"\" \/>\n<\/div>\n<p><label for=\"auto\">Car<\/label><br \/>\n<span class=\"wpcf7-form-control-wrap\" data-name=\"auto\"><input size=\"40\" class=\"wpcf7-form-control wpcf7-text wpcf7-validates-as-required\" id=\"auto\" aria-required=\"true\" aria-invalid=\"false\" value=\"\" type=\"text\" name=\"auto\" \/><\/span>\n<\/p>\n<p><label for=\"auton-kuva\">Car picture (max 20mb)<\/label><br \/>\n<span class=\"wpcf7-form-control-wrap\" data-name=\"auton-kuva\"><input size=\"40\" class=\"wpcf7-form-control wpcf7-file\" id=\"auton-kuva\" accept=\".jpg,.jpeg,.gif,.png\" aria-invalid=\"false\" type=\"file\" name=\"auton-kuva\" \/><\/span>\n<\/p>\n<p><label>Participants (max.2 persons)<\/label><br \/>\n<span class=\"wpcf7-form-control-wrap\" data-name=\"osallistuja-1\"><input size=\"40\" class=\"wpcf7-form-control wpcf7-text wpcf7-validates-as-required\" aria-required=\"true\" aria-invalid=\"false\" value=\"\" type=\"text\" name=\"osallistuja-1\" \/><\/span><br \/>\n<span class=\"wpcf7-form-control-wrap\" data-name=\"osallistuja-2\"><input size=\"40\" class=\"wpcf7-form-control wpcf7-text\" aria-invalid=\"false\" value=\"\" type=\"text\" name=\"osallistuja-2\" \/><\/span>\n<\/p>\n<p><label for=\"email\"> Email for invoice and contact<\/label><br \/>\n<span class=\"wpcf7-form-control-wrap\" data-name=\"sahkoposti\"><input size=\"40\" class=\"wpcf7-form-control wpcf7-email wpcf7-validates-as-required wpcf7-text wpcf7-validates-as-email\" id=\"email\" aria-required=\"true\" aria-invalid=\"false\" value=\"\" type=\"email\" name=\"sahkoposti\" \/><\/span>\n<\/p>\n<p><label for=\"osoite\">Address<\/label><br \/>\n<span class=\"wpcf7-form-control-wrap\" data-name=\"osoite\"><input size=\"40\" class=\"wpcf7-form-control wpcf7-text wpcf7-validates-as-required\" id=\"osoite\" aria-required=\"true\" aria-invalid=\"false\" value=\"\" type=\"text\" name=\"osoite\" \/><\/span>\n<\/p>\n<p><label for=\"puhelin\">Phone<\/label><br \/>\n<span class=\"wpcf7-form-control-wrap\" data-name=\"puhelin\"><input size=\"40\" class=\"wpcf7-form-control wpcf7-text wpcf7-validates-as-required\" id=\"puhelin\" aria-required=\"true\" aria-invalid=\"false\" value=\"\" type=\"text\" name=\"puhelin\" \/><\/span>\n<\/p>\n<p><label>Teams shirt sizes<\/label><br \/>\n<label for=\"paita-kuljettaja\">Driver<\/label><br \/>\n<span class=\"wpcf7-form-control-wrap\" data-name=\"paita-kuljettaja\"><input size=\"40\" class=\"wpcf7-form-control wpcf7-text wpcf7-validates-as-required\" id=\"paita-kuljettaja\" aria-required=\"true\" aria-invalid=\"false\" value=\"\" type=\"text\" name=\"paita-kuljettaja\" \/><\/span><br \/>\n<label for=\"paita-apukuljettaja\">Co-driver<\/label><br \/>\n<span class=\"wpcf7-form-control-wrap\" data-name=\"paita-apukuljettaja\"><input size=\"40\" class=\"wpcf7-form-control wpcf7-text\" id=\"paita-apukuljettaja\" aria-invalid=\"false\" value=\"\" type=\"text\" name=\"paita-apukuljettaja\" \/><\/span>\n<\/p>\n<p><label for=\"miksi-matkalle\">Why do you want to attend our road trip<\/label><br \/>\n<span class=\"wpcf7-form-control-wrap\" data-name=\"miksi-matkalle\"><textarea cols=\"40\" rows=\"10\" class=\"wpcf7-form-control wpcf7-textarea wpcf7-validates-as-required\" id=\"miksi-matkalle\" aria-required=\"true\" aria-invalid=\"false\" name=\"miksi-matkalle\"><\/textarea><\/span>\n<\/p>\n<p><label> I'm not a robot <input type=\"hidden\" name=\"_wpcf7_captcha_challenge_captcha-118\" value=\"1024746711\" \/><img decoding=\"async\" class=\"wpcf7-form-control wpcf7-captchac wpcf7-captcha-captcha-118\" width=\"84\" height=\"28\" alt=\"captcha\" src=\"https:\/\/ratball.fi\/wp-content\/uploads\/wpcf7_captcha\/1024746711.png\" \/><br \/>\n<span class=\"wpcf7-form-control-wrap\" data-name=\"captcha-118\"><input size=\"4\" maxlength=\"4\" class=\"wpcf7-form-control wpcf7-captchar\" autocomplete=\"off\" aria-invalid=\"false\" value=\"\" type=\"text\" name=\"captcha-118\" \/><\/span> <\/label>\n<\/p>\n<p><input class=\"wpcf7-form-control wpcf7-submit has-spinner\" type=\"submit\" value=\"Send\" \/>\n<\/p><p style=\"display: none !important;\"><label>&#916;<textarea name=\"_wpcf7_ak_hp_textarea\" cols=\"45\" rows=\"8\" maxlength=\"100\"><\/textarea><\/label><input type=\"hidden\" id=\"ak_js_1\" name=\"_wpcf7_ak_js\" value=\"31\"\/><script>document.getElementById( \"ak_js_1\" ).setAttribute( \"value\", ( new Date() ).getTime() );<\/script><\/p><div class=\"wpcf7-response-output\" aria-hidden=\"true\"><\/div>\n<input type=\"hidden\" name=\"trp-form-language\" value=\"en\"\/><\/form>\n<\/div>\n\n<\/div>\n\t\t\t\t<\/div>\n\t\t\t\t<\/div>\n\t\t\t\t<div class=\"elementor-element elementor-element-ba5d6a5 elementor-widget elementor-widget-text-editor\" data-id=\"ba5d6a5\" data-element_type=\"widget\" data-widget_type=\"text-editor.default\">\n\t\t\t\t<div class=\"elementor-widget-container\">\n\t\t\t\t\t\t\t<p>Mukaan hyv\u00e4ksytyille autokunnille l\u00e4hetet\u00e4\u00e4n tieto osallistumisesta, sek\u00e4 osallistumismaksu viimeist\u00e4\u00e4n 31.3.2022.<\/p><p>Hakemuksesta tulee vahvistusviesti. Jos ei viesti\u00e4 tule, niin tarkista, ett\u00e4 viesti ei ole mennyt roskapostiin<\/p>\t\t\t\t\t\t<\/div>\n\t\t\t\t<\/div>\n\t\t\t\t\t<\/div>\n\t\t<\/div>\n\t\t\t\t\t\t\t<\/div>\n\t\t<\/section>\n\t\t\t\t\t<\/div>\n\t\t<\/div>\n\t\t\t\t\t\t\t<\/div>\n\t\t<\/section>\n\t\t\t\t\t\t\t<\/div>","protected":false},"excerpt":{"rendered":"<p>L\u00e4het\u00e4 hakemus Liit\u00e4 hakemukseen kuva ajoneuvostasi ja vapaamuotoinen esittely mukaan l\u00e4htev\u00e4st\u00e4 autokunnasta. Kyseess\u00e4 on autoharrastajien matka, joten kaikkien k\u00e4yt\u00f6s koko matkan ajan sen mukainen ja jossain autokunnassa saattaa olla jopa perheen nuorempia j\u00e4seni\u00e4 mukana. T\u00e4ll\u00e4 matkalla autot ja kauniit maisemat ovat siis p\u00e4\u00e4osassa! Huom! Mik\u00e4li sinut valitaan mukaan, hyv\u00e4ksytyille autokunnille l\u00e4htee heti hyv\u00e4ksymisen j\u00e4lkeen 1000\u20ac:n&#8230;<\/p>","protected":false},"author":1,"featured_media":0,"parent":0,"menu_order":0,"comment_status":"closed","ping_status":"closed","template":"","meta":{"_kad_post_transparent":"","_kad_post_title":"hide","_kad_post_layout":"fullwidth","_kad_post_sidebar_id":"","_kad_post_content_style":"unboxed","_kad_post_vertical_padding":"hide","_kad_post_feature":"hide","_kad_post_feature_position":"","_kad_post_header":false,"_kad_post_footer":false,"footnotes":""},"class_list":["post-476","page","type-page","status-publish","hentry"],"_links":{"self":[{"href":"https:\/\/ratball.fi\/en\/wp-json\/wp\/v2\/pages\/476","targetHints":{"allow":["GET"]}}],"collection":[{"href":"https:\/\/ratball.fi\/en\/wp-json\/wp\/v2\/pages"}],"about":[{"href":"https:\/\/ratball.fi\/en\/wp-json\/wp\/v2\/types\/page"}],"author":[{"embeddable":true,"href":"https:\/\/ratball.fi\/en\/wp-json\/wp\/v2\/users\/1"}],"replies":[{"embeddable":true,"href":"https:\/\/ratball.fi\/en\/wp-json\/wp\/v2\/comments?post=476"}],"version-history":[{"count":41,"href":"https:\/\/ratball.fi\/en\/wp-json\/wp\/v2\/pages\/476\/revisions"}],"predecessor-version":[{"id":1239,"href":"https:\/\/ratball.fi\/en\/wp-json\/wp\/v2\/pages\/476\/revisions\/1239"}],"wp:attachment":[{"href":"https:\/\/ratball.fi\/en\/wp-json\/wp\/v2\/media?parent=476"}],"curies":[{"name":"wp","href":"https:\/\/api.w.org\/{rel}","templated":true}]}}